{"id":2099,"date":"2025-06-17T11:45:41","date_gmt":"2025-06-17T09:45:41","guid":{"rendered":"http:\/\/merino.medialab.com.pl\/en\/?post_type=product&#038;p=2099"},"modified":"2026-04-09T11:16:29","modified_gmt":"2026-04-09T09:16:29","slug":"vl-0008-aw25-022","status":"publish","type":"product","link":"https:\/\/my-merino.com\/pl\/product\/vl-0008-aw25-022\/","title":{"rendered":"Damski kardigan merino 100% \u2013 asymetryczny, ciep\u0142y, na guziki"},"content":{"rendered":"<h2>Opis<\/h2>\n<p>Oryginalny, asymetryczny kardigan wykonany ze 100% mi\u0119kkiej we\u0142ny jagni\u0119cej z w\u0142oskiej prz\u0119dzalni Filatura di Pollone. Zapinany na guziki z masy per\u0142owej. Wyr\u00f3b wykonany technik\u0105 Fully Fashion. Must have dla ka\u017cdej kobiety.<\/p>\n<p>Model ma 176 cm i nosi rozmiar M.<\/p>\n<h2>Szczeg\u00f3\u0142y<\/h2>\n<ul>\n<li>100% We\u0142na Merino Extrafine Superlamb z Filatura di Pollone<span class=\"product-icon\" data-id=\"filatura-di-pollone\">\u24d8<\/span><\/li>\n<li>Kolor: Szary<\/li>\n<li>Fason: Dopasowany<\/li>\n<li>Wykonany technik\u0105 Fully Fashion<span class=\"product-icon\" data-id=\"fully-fashion\">\u24d8<\/span><\/li>\n<li>Struktura: G\u0142adka<\/li>\n<li>Guziki z masy per\u0142owej<\/li>\n<li>Surowiec i produkcja wg standard\u00f3w przyjaznych dla \u015brodowiska<\/li>\n<li>Zaprojektowane i wyprodukowane w Polsce<\/li>\n<\/ul>\n<details class=\"custom-summary\">\n<summary>Tabela rozmiar\u00f3w<i class=\"fa-solid fa-chevron-down\"><\/i><\/summary>\n<div class=\"care-model\">Article: VL-0008-AW25<\/div>\n<div class=\"care-colls\">\n<div class=\"care-svg\"><img decoding=\"async\" src=\"\/wp-content\/uploads\/2025\/10\/Care-VL-0008-AW25.svg\" \/><\/div>\n<div class=\"care-table\">\n<table>\n<tbody>\n<tr>\n<td>cm<\/td>\n<td>A<\/td>\n<td>B<\/td>\n<td>C<\/td>\n<\/tr>\n<tr>\n<td>S<\/td>\n<td>45<\/td>\n<td>58<\/td>\n<td>58<\/td>\n<\/tr>\n<tr>\n<td>M<\/td>\n<td>47<\/td>\n<td>59<\/td>\n<td>59<\/td>\n<\/tr>\n<tr>\n<td>L<\/td>\n<td>49<\/td>\n<td>60<\/td>\n<td>60<\/td>\n<\/tr>\n<tr>\n<td>XL<\/td>\n<td>51<\/td>\n<td>61<\/td>\n<td>61<\/td>\n<\/tr>\n<\/tbody>\n<\/table>\n<div class=\"care-legend\">\n<div>A &#8211; Klatka<\/div>\n<div>B &#8211; D\u0142ugo\u015b\u0107 od HSP<\/div>\n<div>C &#8211; R\u0119kaw<\/div>\n<\/div>\n<div class=\"care-info\">Tolerancja rozmiaru ze wzgl\u0119du na natur\u0119 dzianiny: 2cm<\/div>\n<\/div>\n<\/div>\n<p>Znalezienie odpowiedniego rozmiaru podczas zakup\u00f3w online mo\u017ce by\u0107 stresuj\u0105ce. Je\u015bli nie jeste\u015b pewien, kt\u00f3ry rozmiar wybra\u0107 z tabeli, mamy dla Ciebie dwie wskaz\u00f3wki, kt\u00f3re pomog\u0105 Ci w dokonaniu wyboru:<br \/>\n1. Po\u0142\u00f3\u017c swoje ulubione ubranie na p\u0142asko, zmierz je i por\u00f3wnaj z wymiarami ubrania, kt\u00f3re chcesz kupi\u0107. Wybierz rozmiar, kt\u00f3ry najlepiej pasuje.<br \/>\n2. Zmierz si\u0119 bezpo\u015brednio na ciele. Wybierz rozmiar, kt\u00f3ry najlepiej pasuje.<\/p>\n<\/details>\n<details class=\"custom-summary\">\n<summary>Przepis prania<i class=\"fa-solid fa-chevron-down\"><\/i><\/summary>\n<div class=\"ml-flex-column\">\n<p>Najlepsze dla we\u0142ny jest pranie r\u0119cznie w wodzie o temp. max. 30\u00b0C. U\u017cyj p\u0142ynu do prania we\u0142ny i pozostaw do namoczenia na 15 minut. Unikaj gor\u0105cej wody i silnych detergent\u00f3w. Wst\u0119pnie osusz, zwijaj\u0105c sweter w r\u0119cznik i wyci\u015bnij z niego jak najwi\u0119cej wody. Nie wykr\u0119caj. Nie susz w suszarce b\u0119bnowej. Delikatnie nadaj kszta\u0142t i susz na p\u0142asko na \u015bwie\u017cym r\u0119czniku. Unikaj bezpo\u015bredniego nas\u0142onecznienia. Pami\u0119taj, \u017ce szorstka podszewka kurtek i paski toreb mog\u0105 wp\u0142yn\u0105\u0107 na struktur\u0119 we\u0142ny.<\/p>\n<p><img decoding=\"async\" class=\"ml-w-50\" src=\"\/wp-content\/uploads\/2025\/07\/material_care_mix2-1.svg\" alt=\"\" \/><\/p>\n<\/div>\n<\/details>\n<details class=\"custom-summary -cert\"><summary>Certyfikaty<i class=\"fa-solid fa-chevron-down\"><\/i><\/summary>\r\n\t<p>W tym produkcie zastosowali\u015bmy we\u0142n\u0119 posiadaj\u0105c\u0105 certyfikat OEKO-TEX\u00ae STANDARD 100, potwierdzaj\u0105cy bezpiecze\u0144stwo materia\u0142u w bezpo\u015brednim kontakcie ze sk\u00f3r\u0105.<\/p>\r\n\t<div class=\"product-summary-certs\">\r\n\t\t<img decoding=\"async\" src=\"\/wp-content\/uploads\/2026\/02\/cert_oeko_tex_filatura_di_pollone.jpg\"\/>\r\n\t<\/div>\r\n<\/details>\n","protected":false},"excerpt":{"rendered":"<p><strong>100% We\u0142na Merino Extrafine Superlamb<\/strong><\/p>\n<p>+ 6 r\u00f3\u017cnych kolor\u00f3w<\/p>\n","protected":false},"featured_media":6915,"template":"","meta":{"site-sidebar-layout":"default","site-content-layout":"","ast-site-content-layout":"default","site-content-style":"default","site-sidebar-style":"default","ast-global-header-display":"","ast-banner-title-visibility":"","ast-main-header-display":"","ast-hfb-above-header-display":"","ast-hfb-below-header-display":"","ast-hfb-mobile-header-display":"","site-post-title":"","ast-breadcrumbs-content":"","ast-featured-img":"","footer-sml-layout":"","ast-disable-related-posts":"","theme-transparent-header-meta":"default","adv-header-id-meta":"","stick-header-meta":"","header-above-stick-meta":"","header-main-stick-meta":"","header-below-stick-meta":"","astra-migrate-meta-layouts":"set","ast-page-background-enabled":"default","ast-page-background-meta":{"desktop":{"background-color":"var(--ast-global-color-5)","background-image":"","background-repeat":"repeat","background-position":"center center","background-size":"auto","background-attachment":"scroll","background-type":"","background-media":"","overlay-type":"","overlay-color":"","overlay-opacity":"","overlay-gradient":""},"tablet":{"background-color":"","background-image":"","background-repeat":"repeat","background-position":"center center","background-size":"auto","background-attachment":"scroll","background-type":"","background-media":"","overlay-type":"","overlay-color":"","overlay-opacity":"","overlay-gradient":""},"mobile":{"background-color":"","background-image":"","background-repeat":"repeat","background-position":"center center","background-size":"auto","background-attachment":"scroll","background-type":"","background-media":"","overlay-type":"","overlay-color":"","overlay-opacity":"","overlay-gradient":""}},"ast-content-background-meta":{"desktop":{"background-color":"var(--ast-global-color-4)","background-image":"","background-repeat":"repeat","background-position":"center center","background-size":"auto","background-attachment":"scroll","background-type":"","background-media":"","overlay-type":"","overlay-color":"","overlay-opacity":"","overlay-gradient":""},"tablet":{"background-color":"var(--ast-global-color-4)","background-image":"","background-repeat":"repeat","background-position":"center center","background-size":"auto","background-attachment":"scroll","background-type":"","background-media":"","overlay-type":"","overlay-color":"","overlay-opacity":"","overlay-gradient":""},"mobile":{"background-color":"var(--ast-global-color-4)","background-image":"","background-repeat":"repeat","background-position":"center center","background-size":"auto","background-attachment":"scroll","background-type":"","background-media":"","overlay-type":"","overlay-color":"","overlay-opacity":"","overlay-gradient":""}}},"product_brand":[],"product_cat":[20],"product_tag":[],"class_list":{"0":"post-2099","1":"product","2":"type-product","3":"status-publish","4":"has-post-thumbnail","6":"product_cat-women","7":"desktop-align-left","8":"tablet-align-left","9":"mobile-align-left","11":"first","12":"instock","13":"taxable","14":"shipping-taxable","15":"purchasable","16":"product-type-variable","17":"has-default-attributes"},"_links":{"self":[{"href":"https:\/\/my-merino.com\/pl\/wp-json\/wp\/v2\/product\/2099","targetHints":{"allow":["GET"]}}],"collection":[{"href":"https:\/\/my-merino.com\/pl\/wp-json\/wp\/v2\/product"}],"about":[{"href":"https:\/\/my-merino.com\/pl\/wp-json\/wp\/v2\/types\/product"}],"wp:featuredmedia":[{"embeddable":true,"href":"https:\/\/my-merino.com\/pl\/wp-json\/wp\/v2\/media\/6915"}],"wp:attachment":[{"href":"https:\/\/my-merino.com\/pl\/wp-json\/wp\/v2\/media?parent=2099"}],"wp:term":[{"taxonomy":"product_brand","embeddable":true,"href":"https:\/\/my-merino.com\/pl\/wp-json\/wp\/v2\/product_brand?post=2099"},{"taxonomy":"product_cat","embeddable":true,"href":"https:\/\/my-merino.com\/pl\/wp-json\/wp\/v2\/product_cat?post=2099"},{"taxonomy":"product_tag","embeddable":true,"href":"https:\/\/my-merino.com\/pl\/wp-json\/wp\/v2\/product_tag?post=2099"}],"curies":[{"name":"wp","href":"https:\/\/api.w.org\/{rel}","templated":true}]}}