{"id":4461,"date":"2025-07-28T16:19:11","date_gmt":"2025-07-28T14:19:11","guid":{"rendered":"http:\/\/merino.medialab.com.pl\/en\/?page_id=4461"},"modified":"2026-02-09T15:10:33","modified_gmt":"2026-02-09T14:10:33","slug":"shipping-and-returns","status":"publish","type":"page","link":"https:\/\/my-merino.com\/pl\/shipping-and-returns\/","title":{"rendered":"Dostawa i Zwroty"},"content":{"rendered":"\n<div class=\"wp-block-group alignwide info-main-header-row is-content-justification-center is-nowrap is-layout-flex wp-container-core-group-is-layout-23441af8 wp-block-group-is-layout-flex\">\n<div class=\"wp-block-columns wp-container-content-9cfa9a5a is-layout-flex wp-container-core-columns-is-layout-28f84493 wp-block-columns-is-layout-flex\">\n<div class=\"wp-block-column is-layout-flow wp-block-column-is-layout-flow\">\n<h1 class=\"wp-block-heading has-text-align-left ml-h\">Dostawa i zwroty<\/h1>\n<\/div>\n<\/div>\n<\/div>\n\n\n\n<div class=\"wp-block-group alignwide info-main-description-row is-content-justification-center is-nowrap is-layout-flex wp-container-core-group-is-layout-23441af8 wp-block-group-is-layout-flex\">\n<div class=\"wp-block-columns wp-container-content-9cfa9a5a is-layout-flex wp-container-core-columns-is-layout-28f84493 wp-block-columns-is-layout-flex\">\n<div class=\"wp-block-column is-layout-flow wp-block-column-is-layout-flow\">\n<p class=\"ml-p\">Witamy w My.Merino. Sekcja dotycz\u0105ca Wysy\u0142ki i Zwrot\u00f3w reguluje zasady korzystania z naszych us\u0142ug dostawy. Uzyskuj\u0105c dost\u0119p do naszej strony internetowej lub dokonuj\u0105c zakupu w sklepie, akceptujesz zawarte w niej warunki. Niniejsza polityka Wysy\u0142ki i Zwrot\u00f3w stanowi integraln\u0105 cz\u0119\u015b\u0107 naszego <a href=\"\/pl\/terms-and-conditions\/\">Regulaminu<\/a>.<\/p>\n<\/div>\n<\/div>\n<\/div>\n\n\n\n<div class=\"wp-block-group alignwide info-section-header-row is-content-justification-center is-nowrap is-layout-flex wp-container-core-group-is-layout-23441af8 wp-block-group-is-layout-flex\">\n<div class=\"wp-block-columns wp-container-content-9cfa9a5a is-layout-flex wp-container-core-columns-is-layout-28f84493 wp-block-columns-is-layout-flex\">\n<div class=\"wp-block-column is-layout-flow wp-block-column-is-layout-flow\">\n<h3 class=\"wp-block-heading ml-h\">Wysy\u0142ka<\/h3>\n<\/div>\n<\/div>\n<\/div>\n\n\n\n<div class=\"wp-block-group alignwide info-section-content-row is-content-justification-center is-nowrap is-layout-flex wp-container-core-group-is-layout-23441af8 wp-block-group-is-layout-flex\">\n<div class=\"wp-block-columns wp-container-content-9cfa9a5a is-layout-flex wp-container-core-columns-is-layout-28f84493 wp-block-columns-is-layout-flex\">\n<div class=\"wp-block-column is-layout-flow wp-block-column-is-layout-flow\">\n<p class=\"ml-p\">UNIA EUROPEJSKA<br>Darmowa dostawa. Koszt zwrotu po stronie klienta.<\/p>\n\n\n\n<p class=\"ml-p\">POZOSTA\u0141E REJONY<br>Koszt wysy\u0142ki zale\u017cy od lokalizacji. Sprawd\u017a kalkulator wysy\u0142ki w naszym sklepie. Ostateczna cena b\u0119dzie widoczna przy kasie.<\/p>\n\n\n\n<p class=\"ml-p\">Koszt wysy\u0142ki dla przyk\u0142adowych kierunk\u00f3w (cena w EUR)<\/p>\n\n\n\n<figure class=\"wp-block-table info-table\"><table class=\"has-fixed-layout\"><tbody><tr><td>kg<\/td><td>EU<\/td><td>UK<\/td><td>NO<\/td><td>CH<\/td><td>US<\/td><td>CA<\/td><\/tr><tr><td>2<\/td><td>0<\/td><td>12<\/td><td>22<\/td><td>22<\/td><td>16<\/td><td>21<\/td><\/tr><tr><td>5<\/td><td>0<\/td><td>12<\/td><td>37<\/td><td>37<\/td><td>35<\/td><td>36<\/td><\/tr><tr><td>10<\/td><td>0<\/td><td>15<\/td><td>60<\/td><td>60<\/td><td>62<\/td><td>64<\/td><\/tr><\/tbody><\/table><\/figure>\n\n\n\n<p class=\"ml-p\">Koszt zwrotu ponosi klient.<\/p>\n\n\n\n<p class=\"ml-p\">Przygotowanie zam\u00f3wienia do wysy\u0142ki zajmuje nam zazwyczaj 1\u20133 dni robocze (liczone od zaksi\u0119gowania p\u0142atno\u015bci lub potwierdzenia zam\u00f3wienia przy p\u0142atno\u015bci za pobraniem). Szacowany czas dostawy zale\u017cy od miejsca dor\u0119czenia i wybranej opcji dostawy:<\/p>\n\n\n\n<p class=\"ml-p\">Polska: oko\u0142o 1\u20133 dni robocze od nadania,<br>kraje Unii Europejskiej: oko\u0142o 3\u20137 dni roboczych od nadania,<br>kraje poza UE: 7\u201321 dni roboczych od nadania (w zal. od odprawy celnej).<\/p>\n\n\n\n<p class=\"ml-p\">Podane terminy s\u0105 orientacyjne i mog\u0105 si\u0119 r\u00f3\u017cni\u0107 w zale\u017cno\u015bci od wybranej opcji dostawy, sytuacji losowych lub procedur celnych. Je\u015bli wyst\u0105pi op\u00f3\u017anienie, poinformujemy Ci\u0119 o tym jak najszybciej.<\/p>\n<\/div>\n<\/div>\n<\/div>\n\n\n\n<div class=\"wp-block-group alignwide info-section-header-row is-content-justification-center is-nowrap is-layout-flex wp-container-core-group-is-layout-23441af8 wp-block-group-is-layout-flex\">\n<div class=\"wp-block-columns wp-container-content-9cfa9a5a is-layout-flex wp-container-core-columns-is-layout-28f84493 wp-block-columns-is-layout-flex\">\n<div class=\"wp-block-column is-layout-flow wp-block-column-is-layout-flow\">\n<h3 class=\"wp-block-heading ml-h\">Zwroty<\/h3>\n<\/div>\n<\/div>\n<\/div>\n\n\n\n<div class=\"wp-block-group alignwide info-section-content-row is-content-justification-center is-nowrap is-layout-flex wp-container-core-group-is-layout-23441af8 wp-block-group-is-layout-flex\">\n<div class=\"wp-block-columns wp-container-content-9cfa9a5a is-layout-flex wp-container-core-columns-is-layout-28f84493 wp-block-columns-is-layout-flex\">\n<div class=\"wp-block-column is-layout-flow wp-block-column-is-layout-flow\">\n<p class=\"ml-p\">Masz prawo zwr\u00f3ci\u0107 zakupione produkty w ci\u0105gu 14 dni od otrzymania przesy\u0142ki.<br>Oto opcje zwrotu:<\/p>\n\n\n\n<p class=\"ml-p info-list-header\">Opcja 1:<\/p>\n\n\n\n<p class=\"ml-p mt-0\">Jedn\u0105 z najprostszych metod odes\u0142ania do nas przesy\u0142ki jest skorzystanie z platformy <a href=\"\/pl\/wygodne-zwroty\/\">WYGODNE ZWROTY<\/a>. Kliknij w link i pod\u0105\u017caj zgodnie z instrukcj\u0105.<\/p>\n\n\n\n<p class=\"ml-p info-list-header\">Opcja 2:<\/p>\n\n\n\n<ol class=\"wp-block-list info-list-numered\">\n<li>Pobierz <a href=\"\/wp-content\/uploads\/2026\/02\/My_Merino_Return-Form_PL.pdf\" target=\"_blank\" rel=\"noreferrer noopener\">FORMULARZ ZWROTU<\/a> z naszej strony.<\/li>\n\n\n\n<li>Wype\u0142nij go dok\u0142adnie.<\/li>\n\n\n\n<li>Umie\u015b\u0107 formularz w paczce wraz z produktem, kt\u00f3ry chcesz zwr\u00f3ci\u0107.<\/li>\n\n\n\n<li>Nadaj przesy\u0142k\u0119 kurierem<\/li>\n<\/ol>\n\n\n\n<p class=\"ml-p info-list-header\">Pami\u0119taj:<\/p>\n\n\n\n<ul class=\"wp-block-list ml-list\">\n<li>Zwracane produkty musz\u0105 by\u0107 w stanie oryginalnym, z do\u0142\u0105czonymi metkami, wolne od \u015blad\u00f3w u\u017cytkowania, zapach\u00f3w i makija\u017cu.<\/li>\n\n\n\n<li>Nie oferujemy darmowych zwrot\u00f3w. Koszt odes\u0142ania paczki zale\u017cy od firmy kurierskiej, kt\u00f3r\u0105 wybierzesz.<\/li>\n\n\n\n<li>Zwroty wys\u0142ane na nasz koszt lub do punktu odbioru bez wcze\u015bniejszego uzgodnienia b\u0119d\u0105 odrzucane.<\/li>\n<\/ul>\n<\/div>\n<\/div>\n<\/div>\n\n\n\n<div class=\"wp-block-group alignwide info-section-header-row is-content-justification-center is-nowrap is-layout-flex wp-container-core-group-is-layout-23441af8 wp-block-group-is-layout-flex\">\n<div class=\"wp-block-columns wp-container-content-9cfa9a5a is-layout-flex wp-container-core-columns-is-layout-28f84493 wp-block-columns-is-layout-flex\">\n<div class=\"wp-block-column is-layout-flow wp-block-column-is-layout-flow\">\n<h3 class=\"wp-block-heading ml-h\">Wymiana artyku\u0142u<\/h3>\n<\/div>\n<\/div>\n<\/div>\n\n\n\n<div class=\"wp-block-group alignwide info-section-content-row is-content-justification-center is-nowrap is-layout-flex wp-container-core-group-is-layout-23441af8 wp-block-group-is-layout-flex\">\n<div class=\"wp-block-columns wp-container-content-9cfa9a5a is-layout-flex wp-container-core-columns-is-layout-28f84493 wp-block-columns-is-layout-flex\">\n<div class=\"wp-block-column is-layout-flow wp-block-column-is-layout-flow\">\n<p class=\"ml-p\">Zalecamy zwrot artyku\u0142u i z\u0142o\u017cenie nowego zam\u00f3wienia.<\/p>\n<\/div>\n<\/div>\n<\/div>\n\n\n\n<div class=\"wp-block-group alignwide info-section-header-row is-content-justification-center is-nowrap is-layout-flex wp-container-core-group-is-layout-23441af8 wp-block-group-is-layout-flex\">\n<div class=\"wp-block-columns wp-container-content-9cfa9a5a is-layout-flex wp-container-core-columns-is-layout-28f84493 wp-block-columns-is-layout-flex\">\n<div class=\"wp-block-column is-layout-flow wp-block-column-is-layout-flow\">\n<h3 class=\"wp-block-heading ml-h\">Zwrot koszt\u00f3w<\/h3>\n<\/div>\n<\/div>\n<\/div>\n\n\n\n<div class=\"wp-block-group alignwide info-section-content-row is-content-justification-center is-nowrap is-layout-flex wp-container-core-group-is-layout-23441af8 wp-block-group-is-layout-flex\">\n<div class=\"wp-block-columns wp-container-content-9cfa9a5a is-layout-flex wp-container-core-columns-is-layout-28f84493 wp-block-columns-is-layout-flex\">\n<div class=\"wp-block-column is-layout-flow wp-block-column-is-layout-flow\">\n<p class=\"ml-p\">Tw\u00f3j zwrot zostanie rozpatrzony w ci\u0105gu 1-2 dni od daty przybycia do naszego magazynu. Po sprawdzeniu artyku\u0142u nast\u0105pi zwrot pieni\u0119dzy, kt\u00f3ry powinien dotrze\u0107 na Twoje konto bankowe w ci\u0105gu 1-5 dni roboczych.<\/p>\n<\/div>\n<\/div>\n<\/div>\n\n\n\n<div class=\"wp-block-group alignwide info-section-header-row is-content-justification-center is-nowrap is-layout-flex wp-container-core-group-is-layout-23441af8 wp-block-group-is-layout-flex\">\n<div class=\"wp-block-columns wp-container-content-9cfa9a5a is-layout-flex wp-container-core-columns-is-layout-28f84493 wp-block-columns-is-layout-flex\">\n<div class=\"wp-block-column is-layout-flow wp-block-column-is-layout-flow\">\n<h3 class=\"wp-block-heading ml-h\">\u015aledzenie przesy\u0142ki<\/h3>\n<\/div>\n<\/div>\n<\/div>\n\n\n\n<div class=\"wp-block-group alignwide info-section-content-row is-content-justification-center is-nowrap is-layout-flex wp-container-core-group-is-layout-23441af8 wp-block-group-is-layout-flex\">\n<div class=\"wp-block-columns wp-container-content-9cfa9a5a is-layout-flex wp-container-core-columns-is-layout-28f84493 wp-block-columns-is-layout-flex\">\n<div class=\"wp-block-column is-layout-flow wp-block-column-is-layout-flow\">\n<p class=\"ml-p\">Gdy Twoje zam\u00f3wienie zostanie odebrane z naszego magazynu, na Tw\u00f3j e-mail zostanie wys\u0142any link z numerem do \u015bledzenia przesy\u0142ki. Je\u017celi mimo to nie otrzyma\u0142e\u015b takiego numeru, skontaktuj si\u0119 z nami pod adresem info@my-merino.com.<\/p>\n<\/div>\n<\/div>\n<\/div>\n\n\n\n<div class=\"wp-block-group alignwide info-section-header-row is-content-justification-center is-nowrap is-layout-flex wp-container-core-group-is-layout-23441af8 wp-block-group-is-layout-flex\">\n<div class=\"wp-block-columns wp-container-content-9cfa9a5a is-layout-flex wp-container-core-columns-is-layout-28f84493 wp-block-columns-is-layout-flex\">\n<div class=\"wp-block-column is-layout-flow wp-block-column-is-layout-flow\">\n<h3 class=\"wp-block-heading ml-h\">C\u0142o, VAT i Podatki lokalne<\/h3>\n<\/div>\n<\/div>\n<\/div>\n\n\n\n<div class=\"wp-block-group alignwide info-section-content-row is-content-justification-center is-nowrap is-layout-flex wp-container-core-group-is-layout-23441af8 wp-block-group-is-layout-flex\">\n<div class=\"wp-block-columns wp-container-content-9cfa9a5a is-layout-flex wp-container-core-columns-is-layout-28f84493 wp-block-columns-is-layout-flex\">\n<div class=\"wp-block-column is-layout-flow wp-block-column-is-layout-flow\">\n<p class=\"ml-p\">POLSKA<br>Dla zam\u00f3wie\u0144 krajowych cena netto oraz VAT b\u0119d\u0105 wyszczeg\u00f3lnione w sekcji podsumowania koszyka zakup\u00f3w.<\/p>\n\n\n\n<p class=\"ml-p\">UNIA EUROPEJSKA<br>W zam\u00f3wieniach do kraj\u00f3w Unii Europejskiej podatek VAT jest wliczony w cen\u0119 ko\u0144cow\u0105 wy\u015bwietlan\u0105 na stronie internetowej.<\/p>\n\n\n\n<p class=\"ml-p\">POZOSTA\u0141E OBSZARY<br>Wszystkie zam\u00f3wienia poza Uni\u0119 Europejsk\u0105 s\u0105 wysy\u0142ane na zasadzie DDU (Dostawa, Podatki, C\u0142o Nieop\u0142acone). Oznacza to, \u017ce wszelkie lokalne podatki, c\u0142a lub op\u0142aty pobierane przez kraj docelowy s\u0105 pokrywane przez klienta. Dodatkow\u0105 faktur\u0119, uwzgl\u0119dniaj\u0105c\u0105 powy\u017csze koszty dostarczy Pa\u0144stwu operator realizuj\u0105cy dostaw\u0119, np. UPS.<\/p>\n<\/div>\n<\/div>\n<\/div>\n\n\n\n<div class=\"wp-block-group alignwide info-section-header-row is-content-justification-center is-nowrap is-layout-flex wp-container-core-group-is-layout-23441af8 wp-block-group-is-layout-flex\">\n<div class=\"wp-block-columns wp-container-content-9cfa9a5a is-layout-flex wp-container-core-columns-is-layout-28f84493 wp-block-columns-is-layout-flex\">\n<div class=\"wp-block-column is-layout-flow wp-block-column-is-layout-flow\">\n<h3 class=\"wp-block-heading ml-h\">Kontakt<\/h3>\n<\/div>\n<\/div>\n<\/div>\n\n\n\n<div class=\"wp-block-group alignwide info-section-content-row info-last-row is-content-justification-center is-nowrap is-layout-flex wp-container-core-group-is-layout-23441af8 wp-block-group-is-layout-flex\">\n<div class=\"wp-block-columns wp-container-content-9cfa9a5a is-layout-flex wp-container-core-columns-is-layout-28f84493 wp-block-columns-is-layout-flex\">\n<div class=\"wp-block-column is-layout-flow wp-block-column-is-layout-flow\">\n<p class=\"ml-p\">W przypadku jakichkolwiek pyta\u0144 dotycz\u0105cych tej sekcji jeste\u015bmy do Pa\u0144stwa dyspozycji:<\/p>\n\n\n\n<p class=\"ml-p\">e-mail: info@my-merino.com<\/p>\n\n\n\n<p class=\"ml-p\">Tel.: +48 723 625 709 (9.00-17.00)<\/p>\n\n\n\n<p class=\"ml-p\">adres:<br>My.Merino,<br>ul. Wrzosowa 24,<br>95-035 Sokolniki,<br>Polska<\/p>\n<\/div>\n<\/div>\n<\/div>\n","protected":false},"excerpt":{"rendered":"<p>Dostawa i zwroty Witamy w My.Merino. Sekcja dotycz\u0105ca Wysy\u0142ki i Zwrot\u00f3w reguluje zasady korzystania z naszych us\u0142ug dostawy. Uzyskuj\u0105c dost\u0119p [&hellip;]<\/p>\n","protected":false},"author":1,"featured_media":0,"parent":0,"menu_order":0,"comment_status":"closed","ping_status":"closed","template":"","meta":{"site-sidebar-layout":"default","site-content-layout":"","ast-site-content-layout":"","site-content-style":"default","site-sidebar-style":"default","ast-global-header-display":"","ast-banner-title-visibility":"","ast-main-header-display":"","ast-hfb-above-header-display":"","ast-hfb-below-header-display":"","ast-hfb-mobile-header-display":"","site-post-title":"disabled","ast-breadcrumbs-content":"","ast-featured-img":"","footer-sml-layout":"","ast-disable-related-posts":"","theme-transparent-header-meta":"","adv-header-id-meta":"","stick-header-meta":"","header-above-stick-meta":"","header-main-stick-meta":"","header-below-stick-meta":"","astra-migrate-meta-layouts":"default","ast-page-background-enabled":"default","ast-page-background-meta":{"desktop":{"background-color":"var(--ast-global-color-5)","background-image":"","background-repeat":"repeat","background-position":"center center","background-size":"auto","background-attachment":"scroll","background-type":"","background-media":"","overlay-type":"","overlay-color":"","overlay-opacity":"","overlay-gradient":""},"tablet":{"background-color":"","background-image":"","background-repeat":"repeat","background-position":"center center","background-size":"auto","background-attachment":"scroll","background-type":"","background-media":"","overlay-type":"","overlay-color":"","overlay-opacity":"","overlay-gradient":""},"mobile":{"background-color":"","background-image":"","background-repeat":"repeat","background-position":"center center","background-size":"auto","background-attachment":"scroll","background-type":"","background-media":"","overlay-type":"","overlay-color":"","overlay-opacity":"","overlay-gradient":""}},"ast-content-background-meta":{"desktop":{"background-color":"var(--ast-global-color-4)","background-image":"","background-repeat":"repeat","background-position":"center center","background-size":"auto","background-attachment":"scroll","background-type":"","background-media":"","overlay-type":"","overlay-color":"","overlay-opacity":"","overlay-gradient":""},"tablet":{"background-color":"var(--ast-global-color-4)","background-image":"","background-repeat":"repeat","background-position":"center center","background-size":"auto","background-attachment":"scroll","background-type":"","background-media":"","overlay-type":"","overlay-color":"","overlay-opacity":"","overlay-gradient":""},"mobile":{"background-color":"var(--ast-global-color-4)","background-image":"","background-repeat":"repeat","background-position":"center center","background-size":"auto","background-attachment":"scroll","background-type":"","background-media":"","overlay-type":"","overlay-color":"","overlay-opacity":"","overlay-gradient":""}},"footnotes":""},"class_list":["post-4461","page","type-page","status-publish","hentry"],"_links":{"self":[{"href":"https:\/\/my-merino.com\/pl\/wp-json\/wp\/v2\/pages\/4461","targetHints":{"allow":["GET"]}}],"collection":[{"href":"https:\/\/my-merino.com\/pl\/wp-json\/wp\/v2\/pages"}],"about":[{"href":"https:\/\/my-merino.com\/pl\/wp-json\/wp\/v2\/types\/page"}],"author":[{"embeddable":true,"href":"https:\/\/my-merino.com\/pl\/wp-json\/wp\/v2\/users\/1"}],"replies":[{"embeddable":true,"href":"https:\/\/my-merino.com\/pl\/wp-json\/wp\/v2\/comments?post=4461"}],"version-history":[{"count":16,"href":"https:\/\/my-merino.com\/pl\/wp-json\/wp\/v2\/pages\/4461\/revisions"}],"predecessor-version":[{"id":7611,"href":"https:\/\/my-merino.com\/pl\/wp-json\/wp\/v2\/pages\/4461\/revisions\/7611"}],"wp:attachment":[{"href":"https:\/\/my-merino.com\/pl\/wp-json\/wp\/v2\/media?parent=4461"}],"curies":[{"name":"wp","href":"https:\/\/api.w.org\/{rel}","templated":true}]}}