{"id":3794,"date":"2025-07-16T12:26:58","date_gmt":"2025-07-16T10:26:58","guid":{"rendered":"http:\/\/merino.medialab.com.pl\/en\/?page_id=3794"},"modified":"2025-11-03T16:12:01","modified_gmt":"2025-11-03T15:12:01","slug":"production","status":"publish","type":"page","link":"https:\/\/my-merino.com\/pl\/production\/","title":{"rendered":"Produkcja"},"content":{"rendered":"\n<figure class=\"wp-block-video\"><video autoplay loop muted src=\"\/wp-content\/uploads\/2025\/07\/Vivid_knitwear_mont_1-1.mp4\"><\/video><\/figure>\n\n\n\n<div class=\"wp-block-group alignwide story-title-to-text-row story-lower-mb is-content-justification-center is-nowrap is-layout-flex wp-container-core-group-is-layout-23441af8 wp-block-group-is-layout-flex\">\n<div class=\"wp-block-columns wp-container-content-9cfa9a5a is-layout-flex wp-container-core-columns-is-layout-28f84493 wp-block-columns-is-layout-flex\">\n<div class=\"wp-block-column is-vertically-aligned-center is-layout-flow wp-block-column-is-layout-flow\" style=\"flex-basis:33.33%\">\n<h2 class=\"wp-block-heading has-text-align-right ml-h\">Priorytet jako\u015bci<\/h2>\n<\/div>\n\n\n\n<div class=\"wp-block-column is-layout-flow wp-block-column-is-layout-flow\" style=\"flex-basis:66.66%\">\n<p class=\"has-text-align-left ml-p\">Przy tworzeniu odzie\u017cy premium \u2014 z&nbsp;wykorzystaniem najlepszych, cz\u0119sto bardzo kosztownych prz\u0119dz oraz zaawansowanych technik, takich jak fully fashion, intarsja czy \u017cakard \u2014 nic nie pozostawiamy przypadkowi. Przywi\u0105zanie do&nbsp;szczeg\u00f3\u0142u na&nbsp;ka\u017cdym etapie produkcji to dla nas standard. Dzi\u0119ki temu mamy pewno\u015b\u0107, \u017ce&nbsp;ka\u017cdy gotowy wyr\u00f3b w&nbsp;pe\u0142ni zas\u0142uguje na&nbsp;miano premium.<\/p>\n<\/div>\n<\/div>\n<\/div>\n\n\n\n<div class=\"wp-block-group alignwide story-std-images-row is-content-justification-center is-nowrap is-layout-flex wp-container-core-group-is-layout-23441af8 wp-block-group-is-layout-flex\">\n<div class=\"wp-block-columns wp-container-content-9cfa9a5a is-layout-flex wp-container-core-columns-is-layout-14cf5ab5 wp-block-columns-is-layout-flex\">\n<div class=\"wp-block-column is-layout-flow wp-block-column-is-layout-flow\" style=\"flex-basis:25%\">\n<figure class=\"wp-block-image size-full\"><img loading=\"lazy\" decoding=\"async\" width=\"512\" height=\"579\" src=\"https:\/\/merino.medialab.com.pl\/wp-content\/uploads\/2025\/08\/Production_25p_a_v2.jpg\" alt=\"Kontrola jako\u015bci swetra My.Merino z we\u0142ny merino extrafine \u2013 kobieta sprawdza struktur\u0119 i jako\u015b\u0107 szw\u00f3w dzianiny.\" class=\"wp-image-5260\" srcset=\"https:\/\/my-merino.com\/wp-content\/uploads\/2025\/08\/Production_25p_a_v2.jpg 512w, https:\/\/my-merino.com\/wp-content\/uploads\/2025\/08\/Production_25p_a_v2-265x300.jpg 265w\" sizes=\"auto, (max-width: 512px) 100vw, 512px\" \/><\/figure>\n<\/div>\n\n\n\n<div class=\"wp-block-column is-layout-flow wp-block-column-is-layout-flow\" style=\"flex-basis:50%\">\n<figure class=\"wp-block-image size-full\"><img loading=\"lazy\" decoding=\"async\" width=\"1024\" height=\"579\" src=\"https:\/\/merino.medialab.com.pl\/wp-content\/uploads\/2025\/08\/Production_50p_v2.jpg\" alt=\"Kobieta nadzoruj\u0105ca prac\u0119 maszyny dziewiarskiej Stoll podczas produkcji swetra My.Merino z we\u0142ny merino extrafine.\" class=\"wp-image-5229\" srcset=\"https:\/\/my-merino.com\/wp-content\/uploads\/2025\/08\/Production_50p_v2.jpg 1024w, https:\/\/my-merino.com\/wp-content\/uploads\/2025\/08\/Production_50p_v2-850x481.jpg 850w, https:\/\/my-merino.com\/wp-content\/uploads\/2025\/08\/Production_50p_v2-300x170.jpg 300w, https:\/\/my-merino.com\/wp-content\/uploads\/2025\/08\/Production_50p_v2-768x434.jpg 768w\" sizes=\"auto, (max-width: 1024px) 100vw, 1024px\" \/><\/figure>\n<\/div>\n\n\n\n<div class=\"wp-block-column is-layout-flow wp-block-column-is-layout-flow\" style=\"flex-basis:25%\">\n<figure class=\"wp-block-image size-full\"><img loading=\"lazy\" decoding=\"async\" width=\"512\" height=\"579\" src=\"https:\/\/merino.medialab.com.pl\/wp-content\/uploads\/2025\/08\/Production_25p_b_v2.jpg\" alt=\"Kobieta wykonuj\u0105ca \u0142\u0105czenie element\u00f3w dzianiny w procesie produkcji swetra My.Merino. Do\u015bwiadczenie i precyzja personelu \" class=\"wp-image-5259\" srcset=\"https:\/\/my-merino.com\/wp-content\/uploads\/2025\/08\/Production_25p_b_v2.jpg 512w, https:\/\/my-merino.com\/wp-content\/uploads\/2025\/08\/Production_25p_b_v2-265x300.jpg 265w\" sizes=\"auto, (max-width: 512px) 100vw, 512px\" \/><\/figure>\n<\/div>\n<\/div>\n<\/div>\n\n\n\n<div class=\"wp-block-group alignwide story-title-to-text-row story-lower-mb is-content-justification-center is-nowrap is-layout-flex wp-container-core-group-is-layout-23441af8 wp-block-group-is-layout-flex\">\n<div class=\"wp-block-columns wp-container-content-9cfa9a5a is-layout-flex wp-container-core-columns-is-layout-28f84493 wp-block-columns-is-layout-flex\">\n<div class=\"wp-block-column is-vertically-aligned-center is-layout-flow wp-block-column-is-layout-flow\" style=\"flex-basis:33.33%\">\n<h2 class=\"wp-block-heading has-text-align-right ml-h\">20 lat<br>do\u015bwiadczenia<\/h2>\n<\/div>\n\n\n\n<div class=\"wp-block-column is-layout-flow wp-block-column-is-layout-flow\" style=\"flex-basis:66.66%\">\n<p class=\"has-text-align-left ml-p\">Nasza kolekcja to co\u015b wi\u0119cej ni\u017c moda \u2014 to ponad dwie dekady do\u015bwiadczenia w&nbsp;bliskiej wsp\u00f3\u0142pracy z&nbsp;domami mody, klubami golfowymi i&nbsp;klientami korporacyjnymi. Nasz park maszynowy pozwala \u0142\u0105czy\u0107 zaawansowane techniki z&nbsp;wyj\u0105tkow\u0105 lekko\u015bci\u0105 gotowych wyrob\u00f3w, dzi\u0119ki czemu proces produkcji jest bardziej zr\u00f3wnowa\u017cony pod wzgl\u0119dem zu\u017cycia surowc\u00f3w, a&nbsp;gotowe produkty gwarantuj\u0105 luksusowy wygl\u0105d i&nbsp;komfort noszenia.<\/p>\n<\/div>\n<\/div>\n<\/div>\n\n\n\n<div class=\"wp-block-group alignwide story-production-single-img-row is-content-justification-center is-nowrap is-layout-flex wp-container-core-group-is-layout-23441af8 wp-block-group-is-layout-flex\">\n<div class=\"wp-block-columns wp-container-content-9cfa9a5a is-layout-flex wp-container-core-columns-is-layout-28f84493 wp-block-columns-is-layout-flex\">\n<div class=\"wp-block-column is-layout-flow wp-block-column-is-layout-flow\">\n<figure class=\"wp-block-image size-large\"><img loading=\"lazy\" decoding=\"async\" width=\"1024\" height=\"445\" src=\"https:\/\/merino.medialab.com.pl\/wp-content\/uploads\/2025\/08\/Production_100w_v4-1024x445.jpg\" alt=\"Kobieta nadzoruj\u0105ca prac\u0119 wielog\u0142owicowej maszyny dziewiarskiej podczas produkcji swetr\u00f3w My.Merino.\" class=\"wp-image-5227\" srcset=\"https:\/\/my-merino.com\/wp-content\/uploads\/2025\/08\/Production_100w_v4-1024x445.jpg 1024w, https:\/\/my-merino.com\/wp-content\/uploads\/2025\/08\/Production_100w_v4-850x370.jpg 850w, https:\/\/my-merino.com\/wp-content\/uploads\/2025\/08\/Production_100w_v4-300x131.jpg 300w, https:\/\/my-merino.com\/wp-content\/uploads\/2025\/08\/Production_100w_v4-768x334.jpg 768w, https:\/\/my-merino.com\/wp-content\/uploads\/2025\/08\/Production_100w_v4.jpg 1531w\" sizes=\"auto, (max-width: 1024px) 100vw, 1024px\" \/><\/figure>\n<\/div>\n<\/div>\n<\/div>\n\n\n\n<div class=\"wp-block-group alignwide story-title-to-text-row story-lower-mb is-content-justification-center is-nowrap is-layout-flex wp-container-core-group-is-layout-23441af8 wp-block-group-is-layout-flex\">\n<div class=\"wp-block-columns wp-container-content-9cfa9a5a is-layout-flex wp-container-core-columns-is-layout-28f84493 wp-block-columns-is-layout-flex\">\n<div class=\"wp-block-column is-vertically-aligned-center is-layout-flow wp-block-column-is-layout-flow\" style=\"flex-basis:33.33%\">\n<h2 class=\"wp-block-heading has-text-align-right ml-h\">Liczy si\u0119 talent<\/h2>\n<\/div>\n\n\n\n<div class=\"wp-block-column is-layout-flow wp-block-column-is-layout-flow\" style=\"flex-basis:66.66%\">\n<p class=\"has-text-align-left ml-p\">Nasz\u0105 prac\u0119 od zawsze definiuje g\u0142\u0119boki szacunek dla kunsztu tradycyjnego rzemios\u0142a, co&nbsp;przek\u0142ada si\u0119 na&nbsp;wyroby, kt\u00f3re niezmiennie opieraj\u0105 si\u0119&nbsp;pr\u00f3bie czasu \u2014 zar\u00f3wno pod&nbsp;wzgl\u0119dem jako\u015bci, jak&nbsp;i&nbsp;ponadczasowego stylu.<\/p>\n<\/div>\n<\/div>\n<\/div>\n\n\n\n<div class=\"wp-block-group alignwide story-production-quad-images-row is-content-justification-center is-nowrap is-layout-flex wp-container-core-group-is-layout-23441af8 wp-block-group-is-layout-flex\">\n<div class=\"wp-block-columns wp-container-content-9cfa9a5a is-layout-flex wp-container-core-columns-is-layout-14cf5ab5 wp-block-columns-is-layout-flex\">\n<div class=\"wp-block-column is-layout-flow wp-block-column-is-layout-flow\">\n<figure class=\"wp-block-image size-full\"><img loading=\"lazy\" decoding=\"async\" width=\"816\" height=\"500\" src=\"https:\/\/merino.medialab.com.pl\/wp-content\/uploads\/2025\/08\/Production_q1.jpg\" alt=\"Kobieta wykonuj\u0105ca \u0142\u0105czenie element\u00f3w dzianiny w procesie produkcji swetra My.Merino. Do\u015bwiadczenie i precyzja personelu \" class=\"wp-image-5149\" srcset=\"https:\/\/my-merino.com\/wp-content\/uploads\/2025\/08\/Production_q1.jpg 816w, https:\/\/my-merino.com\/wp-content\/uploads\/2025\/08\/Production_q1-300x184.jpg 300w, https:\/\/my-merino.com\/wp-content\/uploads\/2025\/08\/Production_q1-768x471.jpg 768w\" sizes=\"auto, (max-width: 816px) 100vw, 816px\" \/><\/figure>\n\n\n\n<figure class=\"wp-block-image size-full\"><img loading=\"lazy\" decoding=\"async\" width=\"816\" height=\"500\" src=\"https:\/\/merino.medialab.com.pl\/wp-content\/uploads\/2025\/08\/Production_q2.jpg\" alt=\"Kobieta nadaj\u0105ca swetrowi odpowiedni kszta\u0142t i rozmiar w procesie produkcji kolekcji My.Merino. Do\u015bwiadczenie personelu \" class=\"wp-image-5146\" srcset=\"https:\/\/my-merino.com\/wp-content\/uploads\/2025\/08\/Production_q2.jpg 816w, https:\/\/my-merino.com\/wp-content\/uploads\/2025\/08\/Production_q2-300x184.jpg 300w, https:\/\/my-merino.com\/wp-content\/uploads\/2025\/08\/Production_q2-768x471.jpg 768w\" sizes=\"auto, (max-width: 816px) 100vw, 816px\" \/><\/figure>\n<\/div>\n\n\n\n<div class=\"wp-block-column is-layout-flow wp-block-column-is-layout-flow\">\n<figure class=\"wp-block-image size-large\"><img loading=\"lazy\" decoding=\"async\" width=\"425\" height=\"170\" src=\"https:\/\/merino.medialab.com.pl\/wp-content\/uploads\/2025\/08\/Production_icon.svg\" alt=\"\" class=\"wp-image-5152\"\/><\/figure>\n<\/div>\n\n\n\n<div class=\"wp-block-column is-layout-flow wp-block-column-is-layout-flow\">\n<figure class=\"wp-block-image size-full\"><img loading=\"lazy\" decoding=\"async\" width=\"816\" height=\"500\" src=\"https:\/\/merino.medialab.com.pl\/wp-content\/uploads\/2025\/08\/Production_q3.jpg\" alt=\"Kobieta wykonuj\u0105ca stabilizacj\u0119 swetra merino w procesie produkcji kolekcji My.Merino. Do\u015bwiadczenie i precyzja personelu \" class=\"wp-image-5148\" srcset=\"https:\/\/my-merino.com\/wp-content\/uploads\/2025\/08\/Production_q3.jpg 816w, https:\/\/my-merino.com\/wp-content\/uploads\/2025\/08\/Production_q3-300x184.jpg 300w, https:\/\/my-merino.com\/wp-content\/uploads\/2025\/08\/Production_q3-768x471.jpg 768w\" sizes=\"auto, (max-width: 816px) 100vw, 816px\" \/><\/figure>\n\n\n\n<figure class=\"wp-block-image size-full\"><img loading=\"lazy\" decoding=\"async\" width=\"816\" height=\"500\" src=\"https:\/\/merino.medialab.com.pl\/wp-content\/uploads\/2025\/08\/Production_q4.jpg\" alt=\"Kobieta wykonuj\u0105ca \u0142\u0105czenie element\u00f3w dzianiny w procesie produkcji swetra My.Merino. Do\u015bwiadczenie i precyzja personelu \" class=\"wp-image-5147\" srcset=\"https:\/\/my-merino.com\/wp-content\/uploads\/2025\/08\/Production_q4.jpg 816w, https:\/\/my-merino.com\/wp-content\/uploads\/2025\/08\/Production_q4-300x184.jpg 300w, https:\/\/my-merino.com\/wp-content\/uploads\/2025\/08\/Production_q4-768x471.jpg 768w\" sizes=\"auto, (max-width: 816px) 100vw, 816px\" \/><\/figure>\n<\/div>\n<\/div>\n<\/div>\n\n\n\n<div class=\"wp-block-group alignwide story-production-combo-row is-content-justification-center is-nowrap is-layout-flex wp-container-core-group-is-layout-23441af8 wp-block-group-is-layout-flex\">\n<div class=\"wp-block-columns wp-container-content-9cfa9a5a is-layout-flex wp-container-core-columns-is-layout-f5a44f5b wp-block-columns-is-layout-flex\">\n<div class=\"wp-block-column is-layout-flow wp-block-column-is-layout-flow\" style=\"flex-basis:33.33%\">\n<h2 class=\"wp-block-heading ml-h\">Made in Poland<\/h2>\n\n\n\n<hr class=\"wp-block-separator has-alpha-channel-opacity is-style-wide story-separator-desktop-only\"\/>\n\n\n\n<p class=\"ml-p\">To nie tylko kwestia tego, gdzie produkujemy nasze kolekcje. Chodzi o&nbsp;etyk\u0119 i&nbsp;spos\u00f3b w&nbsp;jaki traktujemy bezpiecze\u0144stwo pracy, jako\u015b\u0107 \u015brodowiska i&nbsp;sam produkt.<\/p>\n\n\n\n<p class=\"ml-p\" style=\"margin-top:0;margin-right:0;margin-bottom:0;margin-left:0\">Nasza wsp\u00f3\u0142praca z&nbsp;wiod\u0105cymi dostawcami z&nbsp;UE, posiadaj\u0105cymi certyfikaty RWS, GOTS i&nbsp;Oeko-Tex, pokazuje, \u017ce&nbsp;przestrzegamy rygorystycznych przepis\u00f3w UE dotycz\u0105cych standard\u00f3w bezpiecze\u0144stwa pracy i&nbsp;produkcji.<\/p>\n<\/div>\n\n\n\n<div class=\"wp-block-column is-layout-flow wp-block-column-is-layout-flow\" style=\"flex-basis:66.66%\">\n<figure class=\"wp-block-image alignfull size-full\"><img loading=\"lazy\" decoding=\"async\" width=\"1233\" height=\"724\" src=\"https:\/\/merino.medialab.com.pl\/wp-content\/uploads\/2025\/08\/Production_combo_v3.jpg\" alt=\"Do\u015bwiadczony personel dzia\u0142u szwalni podczas produkcji swetra z kolekcji premium My.Merino.\" class=\"wp-image-5225\" srcset=\"https:\/\/my-merino.com\/wp-content\/uploads\/2025\/08\/Production_combo_v3.jpg 1233w, https:\/\/my-merino.com\/wp-content\/uploads\/2025\/08\/Production_combo_v3-850x499.jpg 850w, https:\/\/my-merino.com\/wp-content\/uploads\/2025\/08\/Production_combo_v3-300x176.jpg 300w, https:\/\/my-merino.com\/wp-content\/uploads\/2025\/08\/Production_combo_v3-1024x601.jpg 1024w, https:\/\/my-merino.com\/wp-content\/uploads\/2025\/08\/Production_combo_v3-768x451.jpg 768w\" sizes=\"auto, (max-width: 1233px) 100vw, 1233px\" \/><\/figure>\n<\/div>\n<\/div>\n<\/div>\n\n\n\n<p><\/p>\n","protected":false},"excerpt":{"rendered":"<p>Priorytet jako\u015bci Przy tworzeniu odzie\u017cy premium \u2014 z&nbsp;wykorzystaniem najlepszych, cz\u0119sto bardzo kosztownych prz\u0119dz oraz zaawansowanych technik, takich jak fully fashion, [&hellip;]<\/p>\n","protected":false},"author":1,"featured_media":0,"parent":0,"menu_order":0,"comment_status":"closed","ping_status":"closed","template":"","meta":{"site-sidebar-layout":"default","site-content-layout":"","ast-site-content-layout":"","site-content-style":"default","site-sidebar-style":"default","ast-global-header-display":"","ast-banner-title-visibility":"","ast-main-header-display":"","ast-hfb-above-header-display":"","ast-hfb-below-header-display":"","ast-hfb-mobile-header-display":"","site-post-title":"disabled","ast-breadcrumbs-content":"","ast-featured-img":"","footer-sml-layout":"","ast-disable-related-posts":"","theme-transparent-header-meta":"","adv-header-id-meta":"","stick-header-meta":"","header-above-stick-meta":"","header-main-stick-meta":"","header-below-stick-meta":"","astra-migrate-meta-layouts":"default","ast-page-background-enabled":"default","ast-page-background-meta":{"desktop":{"background-color":"var(--ast-global-color-5)","background-image":"","background-repeat":"repeat","background-position":"center center","background-size":"auto","background-attachment":"scroll","background-type":"","background-media":"","overlay-type":"","overlay-color":"","overlay-opacity":"","overlay-gradient":""},"tablet":{"background-color":"","background-image":"","background-repeat":"repeat","background-position":"center center","background-size":"auto","background-attachment":"scroll","background-type":"","background-media":"","overlay-type":"","overlay-color":"","overlay-opacity":"","overlay-gradient":""},"mobile":{"background-color":"","background-image":"","background-repeat":"repeat","background-position":"center center","background-size":"auto","background-attachment":"scroll","background-type":"","background-media":"","overlay-type":"","overlay-color":"","overlay-opacity":"","overlay-gradient":""}},"ast-content-background-meta":{"desktop":{"background-color":"var(--ast-global-color-4)","background-image":"","background-repeat":"repeat","background-position":"center center","background-size":"auto","background-attachment":"scroll","background-type":"","background-media":"","overlay-type":"","overlay-color":"","overlay-opacity":"","overlay-gradient":""},"tablet":{"background-color":"var(--ast-global-color-4)","background-image":"","background-repeat":"repeat","background-position":"center center","background-size":"auto","background-attachment":"scroll","background-type":"","background-media":"","overlay-type":"","overlay-color":"","overlay-opacity":"","overlay-gradient":""},"mobile":{"background-color":"var(--ast-global-color-4)","background-image":"","background-repeat":"repeat","background-position":"center center","background-size":"auto","background-attachment":"scroll","background-type":"","background-media":"","overlay-type":"","overlay-color":"","overlay-opacity":"","overlay-gradient":""}},"footnotes":""},"class_list":["post-3794","page","type-page","status-publish","hentry"],"_links":{"self":[{"href":"https:\/\/my-merino.com\/pl\/wp-json\/wp\/v2\/pages\/3794","targetHints":{"allow":["GET"]}}],"collection":[{"href":"https:\/\/my-merino.com\/pl\/wp-json\/wp\/v2\/pages"}],"about":[{"href":"https:\/\/my-merino.com\/pl\/wp-json\/wp\/v2\/types\/page"}],"author":[{"embeddable":true,"href":"https:\/\/my-merino.com\/pl\/wp-json\/wp\/v2\/users\/1"}],"replies":[{"embeddable":true,"href":"https:\/\/my-merino.com\/pl\/wp-json\/wp\/v2\/comments?post=3794"}],"version-history":[{"count":1,"href":"https:\/\/my-merino.com\/pl\/wp-json\/wp\/v2\/pages\/3794\/revisions"}],"predecessor-version":[{"id":7354,"href":"https:\/\/my-merino.com\/pl\/wp-json\/wp\/v2\/pages\/3794\/revisions\/7354"}],"wp:attachment":[{"href":"https:\/\/my-merino.com\/pl\/wp-json\/wp\/v2\/media?parent=3794"}],"curies":[{"name":"wp","href":"https:\/\/api.w.org\/{rel}","templated":true}]}}