{"id":3712,"date":"2025-07-15T16:05:30","date_gmt":"2025-07-15T14:05:30","guid":{"rendered":"http:\/\/merino.medialab.com.pl\/en\/?page_id=3712"},"modified":"2026-02-09T11:25:21","modified_gmt":"2026-02-09T10:25:21","slug":"about-my-merino","status":"publish","type":"page","link":"https:\/\/my-merino.com\/pl\/about-my-merino\/","title":{"rendered":"O My.Merino"},"content":{"rendered":"\n<div class=\"wp-block-cover ml-cover\" style=\"min-height:75vh;aspect-ratio:unset;\"><img loading=\"lazy\" decoding=\"async\" width=\"2321\" height=\"1495\" class=\"wp-block-cover__image-background wp-image-4211 size-full\" alt=\"\" src=\"http:\/\/merino.medialab.com.pl\/wp-content\/uploads\/2025\/07\/AboutMyMerino-galeria_old.jpg\" data-object-fit=\"cover\" srcset=\"https:\/\/my-merino.com\/wp-content\/uploads\/2025\/07\/AboutMyMerino-galeria_old.jpg 2321w, https:\/\/my-merino.com\/wp-content\/uploads\/2025\/07\/AboutMyMerino-galeria_old-850x548.jpg 850w, https:\/\/my-merino.com\/wp-content\/uploads\/2025\/07\/AboutMyMerino-galeria_old-300x193.jpg 300w, https:\/\/my-merino.com\/wp-content\/uploads\/2025\/07\/AboutMyMerino-galeria_old-1024x660.jpg 1024w, https:\/\/my-merino.com\/wp-content\/uploads\/2025\/07\/AboutMyMerino-galeria_old-768x495.jpg 768w, https:\/\/my-merino.com\/wp-content\/uploads\/2025\/07\/AboutMyMerino-galeria_old-1536x989.jpg 1536w, https:\/\/my-merino.com\/wp-content\/uploads\/2025\/07\/AboutMyMerino-galeria_old-2048x1319.jpg 2048w\" sizes=\"auto, (max-width: 2321px) 100vw, 2321px\" \/><span aria-hidden=\"true\" class=\"wp-block-cover__background has-background-dim-0 has-background-dim\" style=\"background-color:#737373\"><\/span><div class=\"wp-block-cover__inner-container is-layout-constrained wp-block-cover-is-layout-constrained\">\n<p class=\"has-text-align-center has-large-font-size\"><\/p>\n<\/div><\/div>\n\n\n\n<div class=\"wp-block-group alignwide story-image-caption-row is-content-justification-center is-nowrap is-layout-flex wp-container-core-group-is-layout-23441af8 wp-block-group-is-layout-flex\">\n<div class=\"wp-block-columns is-layout-flex wp-container-core-columns-is-layout-28f84493 wp-block-columns-is-layout-flex\">\n<div class=\"wp-block-column is-layout-flow wp-block-column-is-layout-flow\">\n<p class=\"ml-p\">Fot. ze zbior\u00f3w Narodowego Archiwum Cyfrowego<\/p>\n<\/div>\n<\/div>\n<\/div>\n\n\n\n<div class=\"wp-block-group alignwide story-title-to-text-row is-content-justification-center is-nowrap is-layout-flex wp-container-core-group-is-layout-775de51a wp-block-group-is-layout-flex\" style=\"margin-top:0;margin-bottom:0\">\n<div class=\"wp-block-columns wp-container-content-9cfa9a5a is-layout-flex wp-container-core-columns-is-layout-8eb77903 wp-block-columns-is-layout-flex\" style=\"margin-top:0;margin-bottom:0\">\n<div class=\"wp-block-column is-vertically-aligned-center is-layout-flow wp-block-column-is-layout-flow\">\n<h2 class=\"wp-block-heading has-text-align-right ml-h\">Co nas inspiruje<\/h2>\n<\/div>\n\n\n\n<div class=\"wp-block-column is-layout-flow wp-block-column-is-layout-flow\">\n<p class=\"has-text-align-left ml-p\">Przemys\u0142owa architektura \u0141odzi \u2014 centrum polskiego przemys\u0142u w\u0142\u00f3kienniczego, gdzie ju\u017c w&nbsp;XIX wieku rozpocz\u0119\u0142a si\u0119&nbsp;era w\u0142\u00f3kiennictwa \u2014 od dawna stanowi nieustanne \u017ar\u00f3d\u0142o inspiracji dla artyst\u00f3w, architekt\u00f3w, fotograf\u00f3w i&nbsp;filmowc\u00f3w. Unikalna surowo\u015b\u0107, wyraziste kontrasty i&nbsp;autentyczno\u015b\u0107 tych budynk\u00f3w fascynuj\u0105 nas i&nbsp;pobudzaj\u0105 nasz\u0105 kreatywno\u015b\u0107. Dawne fabryki, dzi\u015b przekszta\u0142cone w&nbsp;t\u0119tni\u0105ce \u017cyciem o\u015brodki sztuki i&nbsp;\u017cycia spo\u0142ecznego, goszcz\u0105ce wystawy, warsztaty i&nbsp;wydarzenia lokalne, motywuj\u0105 nas, by&nbsp;wciela\u0107 nasze pomys\u0142y w&nbsp;czyn i&nbsp;realizowa\u0107 osobiste wizje.<\/p>\n<\/div>\n<\/div>\n<\/div>\n\n\n\n<div class=\"wp-block-group alignwide story-text-to-title-row story-pre-image-row is-content-justification-center is-nowrap is-layout-flex wp-container-core-group-is-layout-23441af8 wp-block-group-is-layout-flex\">\n<div class=\"wp-block-columns wp-container-content-9cfa9a5a is-layout-flex wp-container-core-columns-is-layout-9c22b1e3 wp-block-columns-is-layout-flex\">\n<div class=\"wp-block-column is-layout-flow wp-block-column-is-layout-flow\">\n<p class=\"has-text-align-right ml-p\">Przejrzysto\u015b\u0107 to nasz standard. Ka\u017cdy produkt zawiera dok\u0142adne informacje o&nbsp;dostawcach prz\u0119dzy, dzi\u0119ki czemu mo\u017cesz samodzielnie zweryfikowa\u0107 sk\u0142ad i&nbsp;posiadane certyfikaty. Wszystkie modele s\u0105&nbsp;projektowane i&nbsp;wykonywane w&nbsp;Polsce z&nbsp;najwy\u017cszej jako\u015bci w\u0142oskich prz\u0119dz, posiadaj\u0105cych certyfikaty takie jak GOTS i&nbsp;OEKO-TEX. Nasza transparentna i&nbsp;przyjazna klientom polityka sprzeda\u017cy sprawia, \u017ce&nbsp;od&nbsp;ponad 20 lat jeste\u015bmy zaufanym dostawc\u0105 wysokiej jako\u015bci produkt\u00f3w.<\/p>\n<\/div>\n\n\n\n<div class=\"wp-block-column is-vertically-aligned-center is-layout-flow wp-block-column-is-layout-flow\">\n<h2 class=\"wp-block-heading has-text-align-left ml-h\">Co nas wyr\u00f3\u017cnia?<\/h2>\n<\/div>\n<\/div>\n<\/div>\n\n\n\n<div class=\"wp-block-group alignwide story-solo-image-row is-content-justification-center is-nowrap is-layout-flex wp-container-core-group-is-layout-23441af8 wp-block-group-is-layout-flex\">\n<div class=\"wp-block-columns are-vertically-aligned-center ml-col-center wp-container-content-9cfa9a5a is-layout-flex wp-container-core-columns-is-layout-28f84493 wp-block-columns-is-layout-flex\">\n<div class=\"wp-block-column is-vertically-aligned-center is-layout-flow wp-block-column-is-layout-flow\" style=\"flex-basis:50%\">\n<figure class=\"wp-block-image aligncenter size-full\"><img loading=\"lazy\" decoding=\"async\" width=\"1000\" height=\"794\" src=\"https:\/\/merino.medialab.com.pl\/wp-content\/uploads\/2025\/08\/AboutMyMerino-stack_4.jpg\" alt=\"Zestaw m\u0119skich swetr\u00f3w luksusowej kolekcji My.Merino z czystej w\u0142oskiej we\u0142ny merino extrafine.\" class=\"wp-image-4923\" style=\"object-fit:cover\" srcset=\"https:\/\/my-merino.com\/wp-content\/uploads\/2025\/08\/AboutMyMerino-stack_4.jpg 1000w, https:\/\/my-merino.com\/wp-content\/uploads\/2025\/08\/AboutMyMerino-stack_4-850x675.jpg 850w, https:\/\/my-merino.com\/wp-content\/uploads\/2025\/08\/AboutMyMerino-stack_4-300x238.jpg 300w, https:\/\/my-merino.com\/wp-content\/uploads\/2025\/08\/AboutMyMerino-stack_4-768x610.jpg 768w\" sizes=\"auto, (max-width: 1000px) 100vw, 1000px\" \/><\/figure>\n<\/div>\n<\/div>\n<\/div>\n\n\n\n<div class=\"wp-block-group alignwide story-title-to-text-row story-post-image-row is-content-justification-center is-nowrap is-layout-flex wp-container-core-group-is-layout-23441af8 wp-block-group-is-layout-flex\">\n<div class=\"wp-block-columns wp-container-content-9cfa9a5a is-layout-flex wp-container-core-columns-is-layout-9c22b1e3 wp-block-columns-is-layout-flex\">\n<div class=\"wp-block-column is-vertically-aligned-center is-layout-flow wp-block-column-is-layout-flow\">\n<h2 class=\"wp-block-heading has-text-align-right ml-h\">Czy jeste\u015b jednym z\u00a0nas?<\/h2>\n<\/div>\n\n\n\n<div class=\"wp-block-column is-layout-flow wp-block-column-is-layout-flow\">\n<p class=\"has-text-align-left ml-p\">Je\u015bli cenisz w produktach jako\u015b\u0107, lokalno\u015b\u0107 i&nbsp;odpowiedzialno\u015b\u0107 \u2013 my\u015blimy podobnie.<br>Je\u015bli unikasz masowej mody, sprowadzanej z&nbsp;odleg\u0142ych rejon\u00f3w globu, najbardziej szkodliwym dla \u015brodowiska transportem morskim i&nbsp;rozumiesz, jak wielkie szkody to powoduje \u2013 mamy takie same pogl\u0105dy.<br>Je\u015bli jeste\u015b entuzjast\u0105 wysokiej jako\u015bci, naturalnych surowc\u00f3w i&nbsp;produkt\u00f3w, kt\u00f3re s\u0105&nbsp;trwa\u0142e i&nbsp;warte swojej ceny \u2013 podzielasz nasze warto\u015bci.<br>Je\u015bli wspierasz lokaln\u0105 produkcj\u0119, szanujesz tradycj\u0119, prawa pracownik\u00f3w i&nbsp;dbasz o&nbsp;nasze \u015brodowisko \u2013 jeste\u015b jednym z&nbsp;nas.<\/p>\n<\/div>\n<\/div>\n<\/div>\n\n\n\n<div class=\"wp-block-group alignwide story-text-to-title-row is-content-justification-center is-nowrap is-layout-flex wp-container-core-group-is-layout-23441af8 wp-block-group-is-layout-flex\">\n<div class=\"wp-block-columns wp-container-content-9cfa9a5a is-layout-flex wp-container-core-columns-is-layout-9c22b1e3 wp-block-columns-is-layout-flex\">\n<div class=\"wp-block-column is-layout-flow wp-block-column-is-layout-flow\">\n<p class=\"has-text-align-right ml-p\">My.Merino jest polsk\u0105 mark\u0105 nale\u017c\u0105c\u0105 do firmy Vivid, za\u0142o\u017conej w 2006 w \u0141odzi. Bazuj\u0105c na&nbsp;ponad 20-letnim do\u015bwiadczeniu w&nbsp;produkcji wysokiej jako\u015bci odzie\u017cy z&nbsp;dzianin, specjalizujemy si\u0119 w&nbsp;luksusowych swetrach, kardiganach oraz polo z&nbsp;we\u0142ny merino \u2013 tworzonych dla marek modowych, klub\u00f3w golfowych i&nbsp;klient\u00f3w biznesowych. Nasze rzemios\u0142o ceni\u0105 klienci poszukuj\u0105cy trwa\u0142o\u015bci, komfortu i&nbsp;mody w duchu slow fashion. Tworz\u0105c My.Merino, przekszta\u0142cili\u015bmy te&nbsp;warto\u015bci w&nbsp;nasz\u0105 w\u0142asn\u0105 mark\u0119.<\/p>\n<\/div>\n\n\n\n<div class=\"wp-block-column is-vertically-aligned-center is-layout-flow wp-block-column-is-layout-flow\">\n<h2 class=\"wp-block-heading has-text-align-left ml-h\">O nas<\/h2>\n<\/div>\n<\/div>\n<\/div>\n\n\n\n<div class=\"wp-block-cover\" style=\"min-height:75vh;aspect-ratio:unset;\"><img loading=\"lazy\" decoding=\"async\" width=\"2040\" height=\"1360\" class=\"wp-block-cover__image-background wp-image-4210 size-full\" alt=\"\" src=\"http:\/\/merino.medialab.com.pl\/wp-content\/uploads\/2025\/07\/AboutMyMerino-galeria.jpg\" data-object-fit=\"cover\" srcset=\"https:\/\/my-merino.com\/wp-content\/uploads\/2025\/07\/AboutMyMerino-galeria.jpg 2040w, https:\/\/my-merino.com\/wp-content\/uploads\/2025\/07\/AboutMyMerino-galeria-850x567.jpg 850w, https:\/\/my-merino.com\/wp-content\/uploads\/2025\/07\/AboutMyMerino-galeria-300x200.jpg 300w, https:\/\/my-merino.com\/wp-content\/uploads\/2025\/07\/AboutMyMerino-galeria-1024x683.jpg 1024w, https:\/\/my-merino.com\/wp-content\/uploads\/2025\/07\/AboutMyMerino-galeria-768x512.jpg 768w, https:\/\/my-merino.com\/wp-content\/uploads\/2025\/07\/AboutMyMerino-galeria-1536x1024.jpg 1536w\" sizes=\"auto, (max-width: 2040px) 100vw, 2040px\" \/><span aria-hidden=\"true\" class=\"wp-block-cover__background has-background-dim-0 has-background-dim\" style=\"background-color:#715c5f\"><\/span><div class=\"wp-block-cover__inner-container is-layout-constrained wp-block-cover-is-layout-constrained\">\n<p class=\"has-text-align-center has-large-font-size\"><\/p>\n<\/div><\/div>\n","protected":false},"excerpt":{"rendered":"<p>Fot. ze zbior\u00f3w Narodowego Archiwum Cyfrowego Co nas inspiruje Przemys\u0142owa architektura \u0141odzi \u2014 centrum polskiego przemys\u0142u w\u0142\u00f3kienniczego, gdzie ju\u017c w&nbsp;XIX [&hellip;]<\/p>\n","protected":false},"author":1,"featured_media":0,"parent":0,"menu_order":0,"comment_status":"closed","ping_status":"closed","template":"","meta":{"site-sidebar-layout":"default","site-content-layout":"","ast-site-content-layout":"","site-content-style":"default","site-sidebar-style":"default","ast-global-header-display":"","ast-banner-title-visibility":"","ast-main-header-display":"","ast-hfb-above-header-display":"","ast-hfb-below-header-display":"","ast-hfb-mobile-header-display":"","site-post-title":"disabled","ast-breadcrumbs-content":"","ast-featured-img":"","footer-sml-layout":"","ast-disable-related-posts":"","theme-transparent-header-meta":"","adv-header-id-meta":"","stick-header-meta":"","header-above-stick-meta":"","header-main-stick-meta":"","header-below-stick-meta":"","astra-migrate-meta-layouts":"default","ast-page-background-enabled":"default","ast-page-background-meta":{"desktop":{"background-color":"var(--ast-global-color-5)","background-image":"","background-repeat":"repeat","background-position":"center center","background-size":"auto","background-attachment":"scroll","background-type":"","background-media":"","overlay-type":"","overlay-color":"","overlay-opacity":"","overlay-gradient":""},"tablet":{"background-color":"","background-image":"","background-repeat":"repeat","background-position":"center center","background-size":"auto","background-attachment":"scroll","background-type":"","background-media":"","overlay-type":"","overlay-color":"","overlay-opacity":"","overlay-gradient":""},"mobile":{"background-color":"","background-image":"","background-repeat":"repeat","background-position":"center center","background-size":"auto","background-attachment":"scroll","background-type":"","background-media":"","overlay-type":"","overlay-color":"","overlay-opacity":"","overlay-gradient":""}},"ast-content-background-meta":{"desktop":{"background-color":"var(--ast-global-color-4)","background-image":"","background-repeat":"repeat","background-position":"center center","background-size":"auto","background-attachment":"scroll","background-type":"","background-media":"","overlay-type":"","overlay-color":"","overlay-opacity":"","overlay-gradient":""},"tablet":{"background-color":"var(--ast-global-color-4)","background-image":"","background-repeat":"repeat","background-position":"center center","background-size":"auto","background-attachment":"scroll","background-type":"","background-media":"","overlay-type":"","overlay-color":"","overlay-opacity":"","overlay-gradient":""},"mobile":{"background-color":"var(--ast-global-color-4)","background-image":"","background-repeat":"repeat","background-position":"center center","background-size":"auto","background-attachment":"scroll","background-type":"","background-media":"","overlay-type":"","overlay-color":"","overlay-opacity":"","overlay-gradient":""}},"footnotes":""},"class_list":["post-3712","page","type-page","status-publish","hentry"],"_links":{"self":[{"href":"https:\/\/my-merino.com\/pl\/wp-json\/wp\/v2\/pages\/3712","targetHints":{"allow":["GET"]}}],"collection":[{"href":"https:\/\/my-merino.com\/pl\/wp-json\/wp\/v2\/pages"}],"about":[{"href":"https:\/\/my-merino.com\/pl\/wp-json\/wp\/v2\/types\/page"}],"author":[{"embeddable":true,"href":"https:\/\/my-merino.com\/pl\/wp-json\/wp\/v2\/users\/1"}],"replies":[{"embeddable":true,"href":"https:\/\/my-merino.com\/pl\/wp-json\/wp\/v2\/comments?post=3712"}],"version-history":[{"count":1,"href":"https:\/\/my-merino.com\/pl\/wp-json\/wp\/v2\/pages\/3712\/revisions"}],"predecessor-version":[{"id":7349,"href":"https:\/\/my-merino.com\/pl\/wp-json\/wp\/v2\/pages\/3712\/revisions\/7349"}],"wp:attachment":[{"href":"https:\/\/my-merino.com\/pl\/wp-json\/wp\/v2\/media?parent=3712"}],"curies":[{"name":"wp","href":"https:\/\/api.w.org\/{rel}","templated":true}]}}