{"id":3712,"date":"2025-07-15T16:05:30","date_gmt":"2025-07-15T14:05:30","guid":{"rendered":"http:\/\/merino.medialab.com.pl\/en\/?page_id=3712"},"modified":"2026-02-09T11:25:21","modified_gmt":"2026-02-09T10:25:21","slug":"about-my-merino","status":"publish","type":"page","link":"https:\/\/my-merino.com\/en\/about-my-merino\/","title":{"rendered":"About My.Merino"},"content":{"rendered":"\n<div class=\"wp-block-cover ml-cover\" style=\"min-height:75vh;aspect-ratio:unset;\"><img loading=\"lazy\" decoding=\"async\" width=\"2321\" height=\"1495\" class=\"wp-block-cover__image-background wp-image-4211 size-full\" alt=\"\" src=\"http:\/\/merino.medialab.com.pl\/wp-content\/uploads\/2025\/07\/AboutMyMerino-galeria_old.jpg\" data-object-fit=\"cover\" srcset=\"https:\/\/my-merino.com\/wp-content\/uploads\/2025\/07\/AboutMyMerino-galeria_old.jpg 2321w, https:\/\/my-merino.com\/wp-content\/uploads\/2025\/07\/AboutMyMerino-galeria_old-850x548.jpg 850w, https:\/\/my-merino.com\/wp-content\/uploads\/2025\/07\/AboutMyMerino-galeria_old-300x193.jpg 300w, https:\/\/my-merino.com\/wp-content\/uploads\/2025\/07\/AboutMyMerino-galeria_old-1024x660.jpg 1024w, https:\/\/my-merino.com\/wp-content\/uploads\/2025\/07\/AboutMyMerino-galeria_old-768x495.jpg 768w, https:\/\/my-merino.com\/wp-content\/uploads\/2025\/07\/AboutMyMerino-galeria_old-1536x989.jpg 1536w, https:\/\/my-merino.com\/wp-content\/uploads\/2025\/07\/AboutMyMerino-galeria_old-2048x1319.jpg 2048w\" sizes=\"auto, (max-width: 2321px) 100vw, 2321px\" \/><span aria-hidden=\"true\" class=\"wp-block-cover__background has-background-dim-0 has-background-dim\" style=\"background-color:#737373\"><\/span><div class=\"wp-block-cover__inner-container is-layout-constrained wp-block-cover-is-layout-constrained\">\n<p class=\"has-text-align-center has-large-font-size\"><\/p>\n<\/div><\/div>\n\n\n\n<div class=\"wp-block-group alignwide story-image-caption-row is-content-justification-center is-nowrap is-layout-flex wp-container-core-group-is-layout-23441af8 wp-block-group-is-layout-flex\">\n<div class=\"wp-block-columns is-layout-flex wp-container-core-columns-is-layout-28f84493 wp-block-columns-is-layout-flex\">\n<div class=\"wp-block-column is-layout-flow wp-block-column-is-layout-flow\">\n<p class=\"ml-p\">From the National Digital Archives of Poland<\/p>\n<\/div>\n<\/div>\n<\/div>\n\n\n\n<div class=\"wp-block-group alignwide story-title-to-text-row is-content-justification-center is-nowrap is-layout-flex wp-container-core-group-is-layout-775de51a wp-block-group-is-layout-flex\" style=\"margin-top:0;margin-bottom:0\">\n<div class=\"wp-block-columns wp-container-content-9cfa9a5a is-layout-flex wp-container-core-columns-is-layout-8eb77903 wp-block-columns-is-layout-flex\" style=\"margin-top:0;margin-bottom:0\">\n<div class=\"wp-block-column is-vertically-aligned-center is-layout-flow wp-block-column-is-layout-flow\">\n<h2 class=\"wp-block-heading has-text-align-right ml-h\">What inspires us<\/h2>\n<\/div>\n\n\n\n<div class=\"wp-block-column is-layout-flow wp-block-column-is-layout-flow\">\n<p class=\"has-text-align-left ml-p\">The industrial architecture of \u0141\u00f3d\u017a \u2013 the centre of Polish textile industry, where knitting began in the 19th century \u2013 has long been a constant source of inspiration for artists, architects, photographers, and filmmakers. The unique rawness, striking contrasts, and authenticity of these buildings fascinate us and spark our creativity. Former factories, now transformed into vibrant hubs of artistic and social events, motivate us to turn our ideas into action and bring our personal visions to a reality.<\/p>\n<\/div>\n<\/div>\n<\/div>\n\n\n\n<div class=\"wp-block-group alignwide story-text-to-title-row story-pre-image-row is-content-justification-center is-nowrap is-layout-flex wp-container-core-group-is-layout-23441af8 wp-block-group-is-layout-flex\">\n<div class=\"wp-block-columns wp-container-content-9cfa9a5a is-layout-flex wp-container-core-columns-is-layout-9c22b1e3 wp-block-columns-is-layout-flex\">\n<div class=\"wp-block-column is-layout-flow wp-block-column-is-layout-flow\">\n<p class=\"has-text-align-right ml-p\">Transparency is our standard. Every product comes with clear details about our yarn suppliers. You can easily verify the composition and certifications yourself. Each style is designed and crafted in Poland using premium Italian yarns with verified certifications like GOTS and OEKO-TEX. Our transparent and customer-friendly sales policy makes us a trusted supplier of high-quality knitwear for over 20 years.<\/p>\n<\/div>\n\n\n\n<div class=\"wp-block-column is-vertically-aligned-center is-layout-flow wp-block-column-is-layout-flow\">\n<h2 class=\"wp-block-heading has-text-align-left ml-h\">What makes us different<\/h2>\n<\/div>\n<\/div>\n<\/div>\n\n\n\n<div class=\"wp-block-group alignwide story-solo-image-row is-content-justification-center is-nowrap is-layout-flex wp-container-core-group-is-layout-23441af8 wp-block-group-is-layout-flex\">\n<div class=\"wp-block-columns are-vertically-aligned-center ml-col-center wp-container-content-9cfa9a5a is-layout-flex wp-container-core-columns-is-layout-28f84493 wp-block-columns-is-layout-flex\">\n<div class=\"wp-block-column is-vertically-aligned-center is-layout-flow wp-block-column-is-layout-flow\" style=\"flex-basis:50%\">\n<figure class=\"wp-block-image aligncenter size-full\"><img loading=\"lazy\" decoding=\"async\" width=\"1000\" height=\"794\" src=\"https:\/\/merino.medialab.com.pl\/wp-content\/uploads\/2025\/08\/AboutMyMerino-stack_4.jpg\" alt=\"Set of men\u2019s sweaters from My.Merino Luxury Collection \u2013 pure Italian extrafine Baruffa merino wool knitwear.\" class=\"wp-image-4923\" style=\"object-fit:cover\" srcset=\"https:\/\/my-merino.com\/wp-content\/uploads\/2025\/08\/AboutMyMerino-stack_4.jpg 1000w, https:\/\/my-merino.com\/wp-content\/uploads\/2025\/08\/AboutMyMerino-stack_4-850x675.jpg 850w, https:\/\/my-merino.com\/wp-content\/uploads\/2025\/08\/AboutMyMerino-stack_4-300x238.jpg 300w, https:\/\/my-merino.com\/wp-content\/uploads\/2025\/08\/AboutMyMerino-stack_4-768x610.jpg 768w\" sizes=\"auto, (max-width: 1000px) 100vw, 1000px\" \/><\/figure>\n<\/div>\n<\/div>\n<\/div>\n\n\n\n<div class=\"wp-block-group alignwide story-title-to-text-row story-post-image-row is-content-justification-center is-nowrap is-layout-flex wp-container-core-group-is-layout-23441af8 wp-block-group-is-layout-flex\">\n<div class=\"wp-block-columns wp-container-content-9cfa9a5a is-layout-flex wp-container-core-columns-is-layout-9c22b1e3 wp-block-columns-is-layout-flex\">\n<div class=\"wp-block-column is-vertically-aligned-center is-layout-flow wp-block-column-is-layout-flow\">\n<h2 class=\"wp-block-heading has-text-align-right ml-h\">Are You one of us?<\/h2>\n<\/div>\n\n\n\n<div class=\"wp-block-column is-layout-flow wp-block-column-is-layout-flow\">\n<p class=\"has-text-align-left ml-p\">If you value quality, locality, and responsibility \u2013 we are alike.<br>If you avoid mass-produced fashion, brought to the market from a distant part of the world via the most polluting sea transport, and you understand the harm it causes \u2013 we think the same.<br>If you are enthusiast of good quality, natural blends, long-lasting product that is worth the price \u2013 you share our values.<br>If you support local production, respect tradition, workers&#8217; rights, and you care about our environment \u2013 you are one of us.<\/p>\n<\/div>\n<\/div>\n<\/div>\n\n\n\n<div class=\"wp-block-group alignwide story-text-to-title-row is-content-justification-center is-nowrap is-layout-flex wp-container-core-group-is-layout-23441af8 wp-block-group-is-layout-flex\">\n<div class=\"wp-block-columns wp-container-content-9cfa9a5a is-layout-flex wp-container-core-columns-is-layout-9c22b1e3 wp-block-columns-is-layout-flex\">\n<div class=\"wp-block-column is-layout-flow wp-block-column-is-layout-flow\">\n<p class=\"has-text-align-right ml-p\">My.Merino is a registered trademark of Vivid (est. 2006 in Poland). Backed by our 20+ years of experience in producing premium-quality knitwear, we specialise in luxury merino wool sweaters, cardigans, and polos for fashion brands, golf clubs, and corporate clients. Our craftsmanship is trusted by customers who value durability, comfort and slow fashion made in Europe. Creating My.Merino, we have turned these values into our own brand.<\/p>\n<\/div>\n\n\n\n<div class=\"wp-block-column is-vertically-aligned-center is-layout-flow wp-block-column-is-layout-flow\">\n<h2 class=\"wp-block-heading has-text-align-left ml-h\">About us<\/h2>\n<\/div>\n<\/div>\n<\/div>\n\n\n\n<div class=\"wp-block-cover\" style=\"min-height:75vh;aspect-ratio:unset;\"><img loading=\"lazy\" decoding=\"async\" width=\"2040\" height=\"1360\" class=\"wp-block-cover__image-background wp-image-4210 size-full\" alt=\"\" src=\"http:\/\/merino.medialab.com.pl\/wp-content\/uploads\/2025\/07\/AboutMyMerino-galeria.jpg\" data-object-fit=\"cover\" srcset=\"https:\/\/my-merino.com\/wp-content\/uploads\/2025\/07\/AboutMyMerino-galeria.jpg 2040w, https:\/\/my-merino.com\/wp-content\/uploads\/2025\/07\/AboutMyMerino-galeria-850x567.jpg 850w, https:\/\/my-merino.com\/wp-content\/uploads\/2025\/07\/AboutMyMerino-galeria-300x200.jpg 300w, https:\/\/my-merino.com\/wp-content\/uploads\/2025\/07\/AboutMyMerino-galeria-1024x683.jpg 1024w, https:\/\/my-merino.com\/wp-content\/uploads\/2025\/07\/AboutMyMerino-galeria-768x512.jpg 768w, https:\/\/my-merino.com\/wp-content\/uploads\/2025\/07\/AboutMyMerino-galeria-1536x1024.jpg 1536w\" sizes=\"auto, (max-width: 2040px) 100vw, 2040px\" \/><span aria-hidden=\"true\" class=\"wp-block-cover__background has-background-dim-0 has-background-dim\" style=\"background-color:#715c5f\"><\/span><div class=\"wp-block-cover__inner-container is-layout-constrained wp-block-cover-is-layout-constrained\">\n<p class=\"has-text-align-center has-large-font-size\"><\/p>\n<\/div><\/div>\n","protected":false},"excerpt":{"rendered":"<p>From the National Digital Archives of Poland What inspires us The industrial architecture of \u0141\u00f3d\u017a \u2013 the centre of Polish [&hellip;]<\/p>\n","protected":false},"author":1,"featured_media":0,"parent":0,"menu_order":0,"comment_status":"closed","ping_status":"closed","template":"","meta":{"site-sidebar-layout":"default","site-content-layout":"","ast-site-content-layout":"","site-content-style":"default","site-sidebar-style":"default","ast-global-header-display":"","ast-banner-title-visibility":"","ast-main-header-display":"","ast-hfb-above-header-display":"","ast-hfb-below-header-display":"","ast-hfb-mobile-header-display":"","site-post-title":"disabled","ast-breadcrumbs-content":"","ast-featured-img":"","footer-sml-layout":"","ast-disable-related-posts":"","theme-transparent-header-meta":"","adv-header-id-meta":"","stick-header-meta":"","header-above-stick-meta":"","header-main-stick-meta":"","header-below-stick-meta":"","astra-migrate-meta-layouts":"default","ast-page-background-enabled":"default","ast-page-background-meta":{"desktop":{"background-color":"var(--ast-global-color-5)","background-image":"","background-repeat":"repeat","background-position":"center center","background-size":"auto","background-attachment":"scroll","background-type":"","background-media":"","overlay-type":"","overlay-color":"","overlay-opacity":"","overlay-gradient":""},"tablet":{"background-color":"","background-image":"","background-repeat":"repeat","background-position":"center center","background-size":"auto","background-attachment":"scroll","background-type":"","background-media":"","overlay-type":"","overlay-color":"","overlay-opacity":"","overlay-gradient":""},"mobile":{"background-color":"","background-image":"","background-repeat":"repeat","background-position":"center center","background-size":"auto","background-attachment":"scroll","background-type":"","background-media":"","overlay-type":"","overlay-color":"","overlay-opacity":"","overlay-gradient":""}},"ast-content-background-meta":{"desktop":{"background-color":"var(--ast-global-color-4)","background-image":"","background-repeat":"repeat","background-position":"center center","background-size":"auto","background-attachment":"scroll","background-type":"","background-media":"","overlay-type":"","overlay-color":"","overlay-opacity":"","overlay-gradient":""},"tablet":{"background-color":"var(--ast-global-color-4)","background-image":"","background-repeat":"repeat","background-position":"center center","background-size":"auto","background-attachment":"scroll","background-type":"","background-media":"","overlay-type":"","overlay-color":"","overlay-opacity":"","overlay-gradient":""},"mobile":{"background-color":"var(--ast-global-color-4)","background-image":"","background-repeat":"repeat","background-position":"center center","background-size":"auto","background-attachment":"scroll","background-type":"","background-media":"","overlay-type":"","overlay-color":"","overlay-opacity":"","overlay-gradient":""}},"footnotes":""},"class_list":["post-3712","page","type-page","status-publish","hentry"],"_links":{"self":[{"href":"https:\/\/my-merino.com\/en\/wp-json\/wp\/v2\/pages\/3712","targetHints":{"allow":["GET"]}}],"collection":[{"href":"https:\/\/my-merino.com\/en\/wp-json\/wp\/v2\/pages"}],"about":[{"href":"https:\/\/my-merino.com\/en\/wp-json\/wp\/v2\/types\/page"}],"author":[{"embeddable":true,"href":"https:\/\/my-merino.com\/en\/wp-json\/wp\/v2\/users\/1"}],"replies":[{"embeddable":true,"href":"https:\/\/my-merino.com\/en\/wp-json\/wp\/v2\/comments?post=3712"}],"version-history":[{"count":1,"href":"https:\/\/my-merino.com\/en\/wp-json\/wp\/v2\/pages\/3712\/revisions"}],"predecessor-version":[{"id":7349,"href":"https:\/\/my-merino.com\/en\/wp-json\/wp\/v2\/pages\/3712\/revisions\/7349"}],"wp:attachment":[{"href":"https:\/\/my-merino.com\/en\/wp-json\/wp\/v2\/media?parent=3712"}],"curies":[{"name":"wp","href":"https:\/\/api.w.org\/{rel}","templated":true}]}}